{"id":758,"date":"2024-10-22T08:36:24","date_gmt":"2024-10-22T08:36:24","guid":{"rendered":"https:\/\/demadglade.dk\/?page_id=758"},"modified":"2024-11-22T08:01:28","modified_gmt":"2024-11-22T08:01:28","slug":"bliv-biavler","status":"publish","type":"page","link":"https:\/\/demadglade.dk\/index.php\/colibri-wp\/bliv-biavler\/","title":{"rendered":"Bliv biavler"},"content":{"rendered":"<div data-colibri-id=\"758-c1\" class=\"style-578 style-local-758-c1 position-relative\">\n  <!---->\n  <div data-colibri-component=\"section\" data-colibri-id=\"758-c2\" id=\"about\" class=\"h-section h-section-global-spacing d-flex align-items-lg-center align-items-md-center align-items-center style-579 style-local-758-c2 position-relative\">\n    <!---->\n    <!---->\n    <div class=\"h-section-grid-container h-section-boxed-container\">\n      <div data-colibri-id=\"758-c7\" class=\"h-row-container gutters-row-lg-2 gutters-row-md-2 gutters-row-2 gutters-row-v-lg-2 gutters-row-v-md-2 gutters-row-v-2 style-584 style-local-758-c7 position-relative\">\n        <!---->\n        <div class=\"h-row justify-content-lg-center justify-content-md-center justify-content-center align-items-lg-stretch align-items-md-stretch align-items-stretch gutters-col-lg-2 gutters-col-md-2 gutters-col-2 gutters-col-v-lg-2 gutters-col-v-md-2 gutters-col-v-2\">\n          <!---->\n          <div class=\"h-column h-column-container d-flex h-col-lg-auto h-col-md-auto h-col-auto style-585-outer style-local-758-c8-outer\">\n            <div data-colibri-id=\"758-c8\" class=\"d-flex h-flex-basis h-column__inner h-px-lg-2 h-px-md-2 h-px-2 v-inner-lg-2 v-inner-md-2 v-inner-2 style-585 style-local-758-c8 position-relative\">\n              <!---->\n              <!---->\n              <div class=\"w-100 h-y-container h-column__content h-column__v-align flex-basis-100 align-self-lg-start align-self-md-start align-self-start\">\n                <!---->\n                <div data-colibri-id=\"758-c9\" class=\"h-global-transition-all h-heading style-587 style-local-758-c9 position-relative h-element\">\n                  <!---->\n                  <div class=\"h-heading__outer style-587 style-local-758-c9\">\n                    <!---->\n                    <!---->\n                    <h1 class=\"\">Dr\u00f8mmer du om at blive biavler og om at producere din egen honning?<\/h1>\n                  <\/div>\n                <\/div>\n                <div data-colibri-id=\"758-c10\" class=\"h-lead h-text h-text-component style-588 style-local-758-c10 position-relative h-element\">\n                  <!---->\n                  <!---->\n                  <div class=\"\">\n                    <p>Hvis du kan svare &#8220;Ja&#8230;&#8221; til ovenst\u00e5ende sp\u00f8rgsm\u00e5l, s\u00e5 kan vi kun p\u00e5 det kraftigste anbefale dig, at g\u00e5 i gang med projektet.\n                      <br>Fortvivl ikke &#8211; biavl er ikke &#8220;rocket science&#8221;, og man beh\u00f8ver n\u00f8dvendigvis ikke, at have forudg\u00e5ende kendskab til eller erfaringer med biavl inden man starter op som biavler.\n                      <br>Vi vil dog p\u00e5 det kraftigste anbefale, at du studerer biavl p\u00e5 internettet, i diverse undervisningsmaterialer og l\u00e6reb\u00f8ger <em style=\"font-weight: 300; font-size: 22px; font-family: &quot;Open Sans&quot;; color: rgb(255, 255, 255);\">inden du opstarter din nye hobby &#8211;&nbsp;<\/em>og\n                      derefter tilmelder dig og deltager p\u00e5 et begynderkursus, der helt sikkert afholdes i din lokale biavler forening i \u00e5rets f\u00f8rste kvartal. Begynderkurset vil give dig den basale og tilstr\u00e6kkelige indsigt og erfaring til at starte som\n                      biavler &#8211; og samtidigt vil du have muligheden for, at f\u00e5 god support og backup fra mentorerne i din lokale biavlerforening.\n                      <br>Erfarne biavlere er altid meget interesserede i at introducere og undervise nye biavlere, og der er masser af gode erfaringstips at h\u00f8ste og tage til sig, n\u00e5r man lytter til de mange &#8220;historier&#8221;, som helt automatisk kommer fra mentorerne,\n                      n\u00e5r man deltager i lokalforeningernes arrangementer i de lokale foreningsbig\u00e5rde.\n                      <br>\n                      <br>Inden du tager den endelige beslutning om at springe ud som biavler, s\u00e5 skal du blot huske p\u00e5, at bierne skal behandles ordentligt, respektfuldt, v\u00e6rdigt, og altid med rettidigt omhu og pleje &#8211; n\u00f8jagtigt som med ALLE andre dyr.\n                      <br>Du skal arbejde &#8220;omkring&#8221; bierne &#8211; da du i vid udstr\u00e6kning ikke kan arbejde &#8220;med \/ bestemme&#8221; over bierne.\n                      <br>\n                      <br>Endelig &#8211; husk p\u00e5 at april, maj \/ juni er m\u00e5nederne, hvor der virkelig er &#8220;tryk p\u00e5&#8221; i big\u00e5rden, og flere ugers frav\u00e6r og bortrejse i forbindelse med ferie i denne periode er ikke forenelig med &#8220;rettidigt omhu&#8221; &#8211; medmindre man alts\u00e5\n                      har kvalificeret backup til pasning af bierne.\n                      <br>\n                      <br>Forn\u00f8jelsen er dog stor, n\u00e5r man har fremstillet sin egen honning, med den helt rigtige konsistens, farve, som tilmed og altid smager fantastisk for en selv, familie, venner og mulige kunder.\n                      <br>\n                      <br>Bor du i Aarhus omr\u00e5det eller kommer du forbi Aarhus og p\u00e5t\u00e6nker at starte op som biavler, s\u00e5 er du altid velkommen til at kontakte os, og \/ eller aftale et bes\u00f8g i vores big\u00e5rd til inspiration.\n                      <br>\n                    <\/p>\n                  <\/div>\n                <\/div>\n              <\/div>\n            <\/div>\n          <\/div>\n        <\/div>\n      <\/div>\n      <div data-colibri-id=\"758-c11\" class=\"h-row-container gutters-row-lg-2 gutters-row-md-2 gutters-row-0 gutters-row-v-lg-2 gutters-row-v-md-2 gutters-row-v-2 style-914 style-local-758-c11 position-relative\">\n        <!---->\n        <div class=\"h-row justify-content-lg-center justify-content-md-center justify-content-center align-items-lg-stretch align-items-md-stretch align-items-stretch gutters-col-lg-2 gutters-col-md-2 gutters-col-0 gutters-col-v-lg-2 gutters-col-v-md-2 gutters-col-v-2\">\n          <!---->\n          <div class=\"h-column h-column-container d-flex h-col-lg-auto h-col-md-auto h-col-auto style-915-outer style-local-758-c12-outer\">\n            <div data-colibri-id=\"758-c12\" class=\"d-flex h-flex-basis h-column__inner h-px-lg-2 h-px-md-2 h-px-2 v-inner-lg-2 v-inner-md-2 v-inner-2 style-915 style-local-758-c12 position-relative\">\n              <!---->\n              <!---->\n              <div class=\"w-100 h-y-container h-column__content h-column__v-align flex-basis-100 align-self-lg-start align-self-md-start align-self-start\">\n                <!---->\n                <div data-colibri-id=\"758-c15\" class=\"d-block style-918 style-local-758-c15 position-relative h-element\">\n                  <!---->\n                  <div class=\"h-image__frame-container-outer\">\n                    <div class=\"h-image__frame-container\">\n                      <!---->\n                      <!---->\n                      <img loading=\"lazy\" decoding=\"async\" width=\"450\" height=\"412\" src=\"https:\/\/demadglade.dk\/wp-content\/uploads\/2024\/11\/cropped-Screenshot-2024-11-21-at-16.37.01-1.png\" class=\"wp-image-3353 style-918-image style-local-758-c15-image\" alt=\"\" srcset=\"https:\/\/demadglade.dk\/wp-content\/uploads\/2024\/11\/cropped-Screenshot-2024-11-21-at-16.37.01-1.png 450w, https:\/\/demadglade.dk\/wp-content\/uploads\/2024\/11\/cropped-Screenshot-2024-11-21-at-16.37.01-1-300x275.png 300w\" sizes=\"auto, (max-width: 450px) 100vw, 450px\" \/>\n                      <div class=\"h-image__frame h-hide-lg h-hide-md h-hide-sm style-918-frameImage style-local-758-c15-frameImage\"><\/div>\n                    <\/div>\n                  <\/div>\n                <\/div>\n                <div data-colibri-id=\"758-c13\" class=\"h-x-container style-916 style-local-758-c13 position-relative h-element\">\n                  <!---->\n                  <div class=\"h-x-container-inner style-dynamic-758-c13-group style-916-spacing style-local-758-c13-spacing\"><span class=\"h-link__outer style-917-outer style-local-758-c14-outer d-inline-flex h-element\"><a h-use-smooth-scroll=\"true\" href=\"https:\/\/www.biavl.dk\/lokale-foreninger\/\"  data-colibri-id=\"758-c14\" class=\"d-flex w-100 align-items-center h-link style-917 style-local-758-c14 position-relative\"><!----><!----> <span>Link til Danmarks Biavler Forening &#8211; Lokale Biavler Foreninger<\/span><\/a>\n                    <\/span>\n                  <\/div>\n                <\/div>\n              <\/div>\n            <\/div>\n          <\/div>\n        <\/div>\n      <\/div>\n      <div data-colibri-id=\"758-c3\" class=\"h-row-container gutters-row-lg-0 gutters-row-md-0 gutters-row-0 gutters-row-v-lg-0 gutters-row-v-md-0 gutters-row-v-0 style-580 style-local-758-c3 h-overflow-hidden position-relative\">\n        <!---->\n        <div class=\"h-row justify-content-lg-center justify-content-md-center justify-content-center align-items-lg-end align-items-md-end align-items-end gutters-col-lg-0 gutters-col-md-0 gutters-col-0 gutters-col-v-lg-0 gutters-col-v-md-0 gutters-col-v-0\">\n          <!---->\n          <div class=\"h-column h-column-container d-flex h-col-lg-auto h-col-md-auto h-col-auto align-self-lg-end align-self-md-end align-self-end style-581-outer style-local-758-c4-outer\">\n            <div data-colibri-id=\"758-c4\" class=\"d-flex h-flex-basis h-column__inner h-ui-empty-state-container h-px-lg-0 h-px-md-0 h-px-0 v-inner-lg-0 v-inner-md-0 v-inner-0 style-581 style-local-758-c4 position-relative\">\n              <!---->\n              <!---->\n              <div class=\"w-100 h-y-container h-column__content h-column__v-align flex-basis-100\">\n                <!---->\n              <\/div>\n            <\/div>\n          <\/div>\n          <div class=\"h-column h-column-container d-flex h-col-lg-auto h-col-md-auto h-col-auto align-self-lg-end align-self-md-end align-self-end style-582-outer style-local-758-c5-outer\">\n            <div data-colibri-id=\"758-c5\" class=\"d-flex h-flex-basis h-column__inner h-ui-empty-state-container h-px-lg-0 h-px-md-0 h-px-0 v-inner-lg-0 v-inner-md-0 v-inner-0 style-582 style-local-758-c5 position-relative\">\n              <!---->\n              <!---->\n              <div class=\"w-100 h-y-container h-column__content h-column__v-align flex-basis-100\">\n                <!---->\n              <\/div>\n            <\/div>\n          <\/div>\n          <div class=\"h-column h-column-container d-flex h-col-lg-auto h-col-md-auto h-col-auto align-self-lg-end align-self-md-end align-self-end style-583-outer style-local-758-c6-outer\">\n            <div data-colibri-id=\"758-c6\" class=\"d-flex h-flex-basis h-column__inner h-ui-empty-state-container h-px-lg-0 h-px-md-0 h-px-0 v-inner-lg-0 v-inner-md-0 v-inner-0 style-583 style-local-758-c6 position-relative\">\n              <!---->\n              <!---->\n              <div class=\"w-100 h-y-container h-column__content h-column__v-align flex-basis-100\">\n                <!---->\n              <\/div>\n            <\/div>\n          <\/div>\n        <\/div>\n      <\/div>\n      <div data-colibri-id=\"758-c16\" class=\"h-row-container gutters-row-lg-2 gutters-row-md-2 gutters-row-0 gutters-row-v-lg-2 gutters-row-v-md-2 gutters-row-v-2 style-919 style-local-758-c16 position-relative\">\n        <!---->\n        <div class=\"h-row justify-content-lg-center justify-content-md-center justify-content-center align-items-lg-stretch align-items-md-stretch align-items-stretch gutters-col-lg-2 gutters-col-md-2 gutters-col-0 gutters-col-v-lg-2 gutters-col-v-md-2 gutters-col-v-2\">\n          <!---->\n          <div class=\"h-column h-column-container d-flex h-col-lg-auto h-col-md-auto h-col-auto style-920-outer style-local-758-c17-outer\">\n            <div data-colibri-id=\"758-c17\" class=\"d-flex h-flex-basis h-column__inner h-px-lg-2 h-px-md-2 h-px-2 v-inner-lg-2 v-inner-md-2 v-inner-2 style-920 style-local-758-c17 position-relative\">\n              <!---->\n              <!---->\n              <div class=\"w-100 h-y-container h-column__content h-column__v-align flex-basis-100 align-self-lg-start align-self-md-start align-self-start\">\n                <!---->\n                <div data-colibri-id=\"758-c18\" class=\"style-921 style-local-758-c18 position-relative h-element\">\n                  <!---->\n                <\/div>\n              <\/div>\n            <\/div>\n          <\/div>\n        <\/div>\n      <\/div>\n    <\/div>\n  <\/div>\n<\/div>","protected":false},"excerpt":{"rendered":"<p>Dr\u00f8mmer du om at blive biavler og om at producere din egen honning? Hvis du kan svare &#8220;Ja&#8230;&#8221; til ovenst\u00e5ende sp\u00f8rgsm\u00e5l, s\u00e5 kan vi kun p\u00e5 det kraftigste anbefale dig, at g\u00e5 i gang med projektet. Fortvivl ikke &#8211; biavl er ikke &#8220;rocket science&#8221;, og man beh\u00f8ver n\u00f8dvendigvis ikke, at have forudg\u00e5ende kendskab til eller [&hellip;]<\/p>\n","protected":false},"author":1,"featured_media":0,"parent":201,"menu_order":5,"comment_status":"closed","ping_status":"closed","template":"page-templates\/full-width-page.php","meta":{"footnotes":""},"class_list":["post-758","page","type-page","status-publish","hentry"],"_links":{"self":[{"href":"https:\/\/demadglade.dk\/index.php\/wp-json\/wp\/v2\/pages\/758","targetHints":{"allow":["GET"]}}],"collection":[{"href":"https:\/\/demadglade.dk\/index.php\/wp-json\/wp\/v2\/pages"}],"about":[{"href":"https:\/\/demadglade.dk\/index.php\/wp-json\/wp\/v2\/types\/page"}],"author":[{"embeddable":true,"href":"https:\/\/demadglade.dk\/index.php\/wp-json\/wp\/v2\/users\/1"}],"replies":[{"embeddable":true,"href":"https:\/\/demadglade.dk\/index.php\/wp-json\/wp\/v2\/comments?post=758"}],"version-history":[{"count":13,"href":"https:\/\/demadglade.dk\/index.php\/wp-json\/wp\/v2\/pages\/758\/revisions"}],"predecessor-version":[{"id":3369,"href":"https:\/\/demadglade.dk\/index.php\/wp-json\/wp\/v2\/pages\/758\/revisions\/3369"}],"up":[{"embeddable":true,"href":"https:\/\/demadglade.dk\/index.php\/wp-json\/wp\/v2\/pages\/201"}],"wp:attachment":[{"href":"https:\/\/demadglade.dk\/index.php\/wp-json\/wp\/v2\/media?parent=758"}],"curies":[{"name":"wp","href":"https:\/\/api.w.org\/{rel}","templated":true}]}}